{"id":22231,"date":"2022-09-06T10:41:06","date_gmt":"2022-09-06T03:41:06","guid":{"rendered":"https:\/\/migration.vn\/chinh-sach-bao-mat\/"},"modified":"2024-06-12T15:01:57","modified_gmt":"2024-06-12T08:01:57","slug":"privacy-policy","status":"publish","type":"page","link":"https:\/\/migration.vn\/en\/privacy-policy\/","title":{"rendered":"Privacy Policy"},"content":{"rendered":"<p><span class=\"jCAhz JxVs2d ChMk0b\"><span class=\"ryNqvb\">IMM Consulting understands and places top priority on protecting personal information and building trust with customers.<\/span><\/span> <span class=\"jCAhz JxVs2d ChMk0b\"><span class=\"ryNqvb\">Therefore, we always comply with the information security policy and only use the information you provide for family profile consulting purposes.<\/span><\/span><\/p>\n<div class=\"pb-3\">\n<h3 class=\"lRu31\" dir=\"ltr\"><strong><span class=\"HwtZe\" lang=\"en\"><span class=\"jCAhz JxVs2d ChMk0b\"><span class=\"ryNqvb\">Purpose of using information<\/span><\/span><\/span><\/strong><\/h3>\n<p><span class=\"jCAhz JxVs2d ChMk0b\"><span class=\"ryNqvb\">We attach great importance to protecting personal data and building investor trust.<\/span><\/span> <span class=\"jCAhz JxVs2d ChMk0b\"><span class=\"ryNqvb\">Therefore, we will use your name and other information in accordance with the privacy policy.<\/span><\/span> <span class=\"jCAhz JxVs2d ChMk0b\"><span class=\"ryNqvb\">We only collect necessary information to serve the following purposes:<\/span><\/span><\/p>\n<ul>\n<li><span class=\"jCAhz JxVs2d ChMk0b\"><span class=\"ryNqvb\">Send investors newsletters, emails, and text messages.<\/span><\/span> <span class=\"jCAhz JxVs2d ChMk0b\"><span class=\"ryNqvb\">Content about special programs and new services.<\/span><\/span> <span class=\"jCAhz JxVs2d ChMk0b\"><span class=\"ryNqvb\">Or updates on other information that you may be interested in<\/span><\/span><\/li>\n<li>Enhance your experience when using our website<\/li>\n<li>Serve you better with appropriate consulting services<\/li>\n<\/ul>\n<\/div>\n<div class=\"pb-3\">\n<h3>Cookies policy<\/h3>\n<p><span class=\"jCAhz JxVs2d ChMk0b\"><span class=\"ryNqvb\">IMM Consulting uses cookies to collect information as well as IP addresses.<\/span><\/span> <span class=\"jCAhz JxVs2d\"><span class=\"ryNqvb\">Of those who have visited our website.<\/span><\/span> <span class=\"jCAhz JxVs2d ChMk0b\"><span class=\"ryNqvb\">Personal data includes name, email address, phone number.<\/span><\/span> <span class=\"jCAhz JxVs2d ChMk0b\"><span class=\"ryNqvb\">And the details provided to evaluate the application will be kept confidential according to Vietnamese law.<\/span><\/span><\/p>\n<\/div>\n<div class=\"pb-3\">\n<h3>Information provided by website users<\/h3>\n<p><span class=\"jCAhz JxVs2d JpY6Fd\"><span class=\"ryNqvb\">When completing all types of application appraisal forms, register for consultation on our website.<\/span><\/span> <span class=\"jCAhz JxVs2d ChMk0b\"><span class=\"ryNqvb\">This means that the investor has agreed to let us use your information for consulting and service improvement purposes.<\/span><\/span> <span class=\"jCAhz JxVs2d ChMk0b\"><span class=\"ryNqvb\">In other words, based on the information provided by investors, IMM Consulting consultants will advise on appropriate investment programs and solutions according to your needs.<\/span><\/span> <span class=\"jCAhz JxVs2d ChMk0b\"><span class=\"ryNqvb\">Therefore, your information, in case of inaccuracy or falsification, will affect the quality of the preliminary consultation process.<\/span><\/span><\/p>\n<\/div>\n<div class=\"pb-3\">\n<h3 class=\"lRu31\" dir=\"ltr\"><strong><span class=\"HwtZe\" lang=\"en\"><span class=\"jCAhz JxVs2d ChMk0b\"><span class=\"ryNqvb\">Information shared by customers using consulting services<\/span><\/span><\/span><\/strong><\/h3>\n<p><span class=\"jCAhz JxVs2d ChMk0b\"><span class=\"ryNqvb\">IMM Consulting complies with the law on the confidentiality of all customer information including: not disclosing information to third parties, not disclosing customer images or names to any media or to any other person.<\/span><\/span> <span class=\"jCAhz JxVs2d ChMk0b\"><span class=\"ryNqvb\">Any person has knowledge of the customer&#8217;s profile information unless it is approved by the customer.<\/span><\/span><\/p>\n<\/div>\n<div class=\"pb-3\">\n<h3>Third-party<\/h3>\n<p><span class=\"jCAhz JxVs2d ChMk0b\"><span class=\"ryNqvb\">We commit not to sell or disclose investors&#8217; personal data to third parties.<\/span><\/span> <span class=\"jCAhz JxVs2d ChMk0b\"><span class=\"ryNqvb\">Without your consent unless we are required to do so by law.<\/span><\/span><\/p>\n<\/div>\n<div class=\"pb-3\">\n<h3>Notify when there are changes<\/h3>\n<p>We may update or change our privacy policy at any time.<\/p>\n<\/div>\n","protected":false},"excerpt":{"rendered":"<p>IMM Consulting understands and places top priority on protecting personal information and building trust with customers. Therefore, we always comply with the information security policy and only use the information you provide for family profile consulting purposes. Purpose of using information We attach great importance to protecting personal data and building investor trust. Therefore, we will use your name and other information in accordance with the privacy policy. We only collect necessary information to serve the following purposes: Send investors &hellip; <\/p>\n","protected":false},"author":9,"featured_media":0,"parent":0,"menu_order":9,"comment_status":"closed","ping_status":"closed","template":"","meta":{"footnotes":""},"yoast_head":"<!-- This site is optimized with the Yoast SEO plugin v23.5 - https:\/\/yoast.com\/wordpress\/plugins\/seo\/ -->\n<title>Privacy Policy - IMM Consulting - T\u01b0 v\u1ea5n \u0111\u1ecbnh c\u01b0 di\u1ec7n tay ngh\u1ec1 (Skilled Worker) t\u1ea1i Canada, M\u1ef9, \u00dac v\u00e0 Ch\u00e2u \u00c2u<\/title>\n<meta name=\"description\" content=\"IMM Consulting understands and places top priority on protecting personal information and building trust with customers. Therefore, we always comply with the information security policy and only use the information you provide for family profile consulting purposes.\" \/>\n<meta name=\"robots\" content=\"index, follow, max-snippet:-1, max-image-preview:large, max-video-preview:-1\" \/>\n<link rel=\"canonical\" href=\"https:\/\/migration.vn\/en\/privacy-policy\/\" \/>\n<meta property=\"og:locale\" content=\"en_US\" \/>\n<meta property=\"og:type\" content=\"article\" \/>\n<meta property=\"og:title\" content=\"Privacy Policy - IMM Consulting - T\u01b0 v\u1ea5n \u0111\u1ecbnh c\u01b0 di\u1ec7n tay ngh\u1ec1 (Skilled Worker) t\u1ea1i Canada, M\u1ef9, \u00dac v\u00e0 Ch\u00e2u \u00c2u\" \/>\n<meta property=\"og:description\" content=\"IMM Consulting understands and places top priority on protecting personal information and building trust with customers. Therefore, we always comply with the information security policy and only use the information you provide for family profile consulting purposes.\" \/>\n<meta property=\"og:url\" content=\"https:\/\/migration.vn\/en\/privacy-policy\/\" \/>\n<meta property=\"og:site_name\" content=\"IMM Consulting - T\u01b0 v\u1ea5n \u0111\u1ecbnh c\u01b0 di\u1ec7n tay ngh\u1ec1 (Skilled Worker) t\u1ea1i Canada, M\u1ef9, \u00dac v\u00e0 Ch\u00e2u \u00c2u\" \/>\n<meta property=\"article:publisher\" content=\"https:\/\/www.facebook.com\/IMMCanada.Canada.com.vn\/\" \/>\n<meta property=\"article:modified_time\" content=\"2024-06-12T08:01:57+00:00\" \/>\n<meta name=\"twitter:card\" content=\"summary_large_image\" \/>\n<meta name=\"twitter:label1\" content=\"Est. reading time\" \/>\n\t<meta name=\"twitter:data1\" content=\"2 minutes\" \/>\n<script type=\"application\/ld+json\" class=\"yoast-schema-graph\">{\"@context\":\"https:\/\/schema.org\",\"@graph\":[{\"@type\":\"WebPage\",\"@id\":\"https:\/\/migration.vn\/en\/privacy-policy\/\",\"url\":\"https:\/\/migration.vn\/en\/privacy-policy\/\",\"name\":\"Privacy Policy - IMM Consulting - T\u01b0 v\u1ea5n \u0111\u1ecbnh c\u01b0 di\u1ec7n tay ngh\u1ec1 (Skilled Worker) t\u1ea1i Canada, M\u1ef9, \u00dac v\u00e0 Ch\u00e2u \u00c2u\",\"isPartOf\":{\"@id\":\"https:\/\/migration.vn\/#website\"},\"datePublished\":\"2022-09-06T03:41:06+00:00\",\"dateModified\":\"2024-06-12T08:01:57+00:00\",\"description\":\"IMM Consulting understands and places top priority on protecting personal information and building trust with customers. Therefore, we always comply with the information security policy and only use the information you provide for family profile consulting purposes.\",\"breadcrumb\":{\"@id\":\"https:\/\/migration.vn\/en\/privacy-policy\/#breadcrumb\"},\"inLanguage\":\"en-US\",\"potentialAction\":[{\"@type\":\"ReadAction\",\"target\":[\"https:\/\/migration.vn\/en\/privacy-policy\/\"]}]},{\"@type\":\"BreadcrumbList\",\"@id\":\"https:\/\/migration.vn\/en\/privacy-policy\/#breadcrumb\",\"itemListElement\":[{\"@type\":\"ListItem\",\"position\":1,\"name\":\"Home\",\"item\":\"https:\/\/migration.vn\/en\/\"},{\"@type\":\"ListItem\",\"position\":2,\"name\":\"Privacy Policy\"}]},{\"@type\":\"WebSite\",\"@id\":\"https:\/\/migration.vn\/#website\",\"url\":\"https:\/\/migration.vn\/\",\"name\":\"IMM Consulting - T\u01b0 v\u1ea5n \u0111\u1ecbnh c\u01b0 di\u1ec7n tay ngh\u1ec1 (Skilled Worker) t\u1ea1i Canada, M\u1ef9, \u00dac v\u00e0 Ch\u00e2u \u00c2u\",\"description\":\"IMM Canada - T\u01b0 v\u1ea5n \u0111\u1ecbnh c\u01b0 Canada\",\"publisher\":{\"@id\":\"https:\/\/migration.vn\/#organization\"},\"potentialAction\":[{\"@type\":\"SearchAction\",\"target\":{\"@type\":\"EntryPoint\",\"urlTemplate\":\"https:\/\/migration.vn\/?s={search_term_string}\"},\"query-input\":{\"@type\":\"PropertyValueSpecification\",\"valueRequired\":true,\"valueName\":\"search_term_string\"}}],\"inLanguage\":\"en-US\"},{\"@type\":\"Organization\",\"@id\":\"https:\/\/migration.vn\/#organization\",\"name\":\"IMM Consulting - T\u01b0 v\u1ea5n \u0111\u1ecbnh c\u01b0 di\u1ec7n tay ngh\u1ec1 (Skilled Worker) t\u1ea1i Canada, M\u1ef9, \u00dac v\u00e0 Ch\u00e2u \u00c2u\",\"url\":\"https:\/\/migration.vn\/\",\"logo\":{\"@type\":\"ImageObject\",\"inLanguage\":\"en-US\",\"@id\":\"https:\/\/migration.vn\/#\/schema\/logo\/image\/\",\"url\":\"\",\"contentUrl\":\"\",\"caption\":\"IMM Consulting - T\u01b0 v\u1ea5n \u0111\u1ecbnh c\u01b0 di\u1ec7n tay ngh\u1ec1 (Skilled Worker) t\u1ea1i Canada, M\u1ef9, \u00dac v\u00e0 Ch\u00e2u \u00c2u\"},\"image\":{\"@id\":\"https:\/\/migration.vn\/#\/schema\/logo\/image\/\"},\"sameAs\":[\"https:\/\/www.facebook.com\/IMMCanada.Canada.com.vn\/\"]}]}<\/script>\n<!-- \/ Yoast SEO plugin. -->","yoast_head_json":{"title":"Privacy Policy - IMM Consulting - T\u01b0 v\u1ea5n \u0111\u1ecbnh c\u01b0 di\u1ec7n tay ngh\u1ec1 (Skilled Worker) t\u1ea1i Canada, M\u1ef9, \u00dac v\u00e0 Ch\u00e2u \u00c2u","description":"IMM Consulting understands and places top priority on protecting personal information and building trust with customers. Therefore, we always comply with the information security policy and only use the information you provide for family profile consulting purposes.","robots":{"index":"index","follow":"follow","max-snippet":"max-snippet:-1","max-image-preview":"max-image-preview:large","max-video-preview":"max-video-preview:-1"},"canonical":"https:\/\/migration.vn\/en\/privacy-policy\/","og_locale":"en_US","og_type":"article","og_title":"Privacy Policy - IMM Consulting - T\u01b0 v\u1ea5n \u0111\u1ecbnh c\u01b0 di\u1ec7n tay ngh\u1ec1 (Skilled Worker) t\u1ea1i Canada, M\u1ef9, \u00dac v\u00e0 Ch\u00e2u \u00c2u","og_description":"IMM Consulting understands and places top priority on protecting personal information and building trust with customers. Therefore, we always comply with the information security policy and only use the information you provide for family profile consulting purposes.","og_url":"https:\/\/migration.vn\/en\/privacy-policy\/","og_site_name":"IMM Consulting - T\u01b0 v\u1ea5n \u0111\u1ecbnh c\u01b0 di\u1ec7n tay ngh\u1ec1 (Skilled Worker) t\u1ea1i Canada, M\u1ef9, \u00dac v\u00e0 Ch\u00e2u \u00c2u","article_publisher":"https:\/\/www.facebook.com\/IMMCanada.Canada.com.vn\/","article_modified_time":"2024-06-12T08:01:57+00:00","twitter_card":"summary_large_image","twitter_misc":{"Est. reading time":"2 minutes"},"schema":{"@context":"https:\/\/schema.org","@graph":[{"@type":"WebPage","@id":"https:\/\/migration.vn\/en\/privacy-policy\/","url":"https:\/\/migration.vn\/en\/privacy-policy\/","name":"Privacy Policy - IMM Consulting - T\u01b0 v\u1ea5n \u0111\u1ecbnh c\u01b0 di\u1ec7n tay ngh\u1ec1 (Skilled Worker) t\u1ea1i Canada, M\u1ef9, \u00dac v\u00e0 Ch\u00e2u \u00c2u","isPartOf":{"@id":"https:\/\/migration.vn\/#website"},"datePublished":"2022-09-06T03:41:06+00:00","dateModified":"2024-06-12T08:01:57+00:00","description":"IMM Consulting understands and places top priority on protecting personal information and building trust with customers. Therefore, we always comply with the information security policy and only use the information you provide for family profile consulting purposes.","breadcrumb":{"@id":"https:\/\/migration.vn\/en\/privacy-policy\/#breadcrumb"},"inLanguage":"en-US","potentialAction":[{"@type":"ReadAction","target":["https:\/\/migration.vn\/en\/privacy-policy\/"]}]},{"@type":"BreadcrumbList","@id":"https:\/\/migration.vn\/en\/privacy-policy\/#breadcrumb","itemListElement":[{"@type":"ListItem","position":1,"name":"Home","item":"https:\/\/migration.vn\/en\/"},{"@type":"ListItem","position":2,"name":"Privacy Policy"}]},{"@type":"WebSite","@id":"https:\/\/migration.vn\/#website","url":"https:\/\/migration.vn\/","name":"IMM Consulting - T\u01b0 v\u1ea5n \u0111\u1ecbnh c\u01b0 di\u1ec7n tay ngh\u1ec1 (Skilled Worker) t\u1ea1i Canada, M\u1ef9, \u00dac v\u00e0 Ch\u00e2u \u00c2u","description":"IMM Canada - T\u01b0 v\u1ea5n \u0111\u1ecbnh c\u01b0 Canada","publisher":{"@id":"https:\/\/migration.vn\/#organization"},"potentialAction":[{"@type":"SearchAction","target":{"@type":"EntryPoint","urlTemplate":"https:\/\/migration.vn\/?s={search_term_string}"},"query-input":{"@type":"PropertyValueSpecification","valueRequired":true,"valueName":"search_term_string"}}],"inLanguage":"en-US"},{"@type":"Organization","@id":"https:\/\/migration.vn\/#organization","name":"IMM Consulting - T\u01b0 v\u1ea5n \u0111\u1ecbnh c\u01b0 di\u1ec7n tay ngh\u1ec1 (Skilled Worker) t\u1ea1i Canada, M\u1ef9, \u00dac v\u00e0 Ch\u00e2u \u00c2u","url":"https:\/\/migration.vn\/","logo":{"@type":"ImageObject","inLanguage":"en-US","@id":"https:\/\/migration.vn\/#\/schema\/logo\/image\/","url":"","contentUrl":"","caption":"IMM Consulting - T\u01b0 v\u1ea5n \u0111\u1ecbnh c\u01b0 di\u1ec7n tay ngh\u1ec1 (Skilled Worker) t\u1ea1i Canada, M\u1ef9, \u00dac v\u00e0 Ch\u00e2u \u00c2u"},"image":{"@id":"https:\/\/migration.vn\/#\/schema\/logo\/image\/"},"sameAs":["https:\/\/www.facebook.com\/IMMCanada.Canada.com.vn\/"]}]}},"_links":{"self":[{"href":"https:\/\/migration.vn\/en\/wp-json\/wp\/v2\/pages\/22231"}],"collection":[{"href":"https:\/\/migration.vn\/en\/wp-json\/wp\/v2\/pages"}],"about":[{"href":"https:\/\/migration.vn\/en\/wp-json\/wp\/v2\/types\/page"}],"author":[{"embeddable":true,"href":"https:\/\/migration.vn\/en\/wp-json\/wp\/v2\/users\/9"}],"replies":[{"embeddable":true,"href":"https:\/\/migration.vn\/en\/wp-json\/wp\/v2\/comments?post=22231"}],"version-history":[{"count":2,"href":"https:\/\/migration.vn\/en\/wp-json\/wp\/v2\/pages\/22231\/revisions"}],"predecessor-version":[{"id":22234,"href":"https:\/\/migration.vn\/en\/wp-json\/wp\/v2\/pages\/22231\/revisions\/22234"}],"wp:attachment":[{"href":"https:\/\/migration.vn\/en\/wp-json\/wp\/v2\/media?parent=22231"}],"curies":[{"name":"wp","href":"https:\/\/api.w.org\/{rel}","templated":true}]}}